{"id":29932,"date":"2016-09-02T17:01:42","date_gmt":"2016-09-02T17:01:42","guid":{"rendered":"https:\/\/xtrem-experiments.com\/?page_id=29932"},"modified":"2016-09-02T17:01:42","modified_gmt":"2016-09-02T17:01:42","slug":"terms-of-services","status":"publish","type":"page","link":"https:\/\/xtrem-experiments.com\/fr\/conditions-generales\/","title":{"rendered":"Conditions g\u00e9n\u00e9rales"},"content":{"rendered":"<p><\/p>\n<p>Le site Xtrem-Experiments (site entier et forum) est un endroit o\u00f9 doit r\u00e9gner le s\u00e9rieux et la bonne entente.<br \/> En vous inscrivant ici, vous acceptez de respecter scrupuleusement ce r\u00e8glement.<br \/> En cas de non respect de celui-ci, des sanctions sont pr\u00e9vues de plusieurs mani\u00e8res, d\u00e9crites plus bas.<br \/> Si vous n&rsquo;\u00eates pas d&rsquo;accord avec ce dernier, passez votre chemin.<\/p>\n<p> <span style=\"text-decoration: underline;\"><em>Informations L\u00e9gales :<\/em><\/span><\/p>\n<p> Aucune informations ill\u00e9gales ne peuvent \u00eatre divulgu\u00e9es sur ce site (forum inclus) (plans complets de patators, proc\u00e9d\u00e9s de fabrication d&rsquo;explosifs,&#8230;).<\/p>\n<p> Bien que vous pouvez vous inscrire sur le site \u00e0 partir du moment o\u00f9 vous \u00eates \u00e2g\u00e9 de treize (13) ans, vous vous engagez \u00e0 ne pas acc\u00e9der aux parties concernant la pyrotechnie, la chimie, les patators et l&rsquo;\u00e9lectronique si vous avez moins de (dix-huit) 18 ans (pour des raisons \u00e9videntes de responsabilit\u00e9s et de s\u00e9curit\u00e9).<br \/> En cas de fraude constat\u00e9e, le mineur pourra \u00eatre banni imm\u00e9diatement.<br \/> De ce fait, l&rsquo;\u00e9quipe d&rsquo;Xtrem-Experiments ne saurait \u00eatre tenue pour responsable en cas d&rsquo;incident quelconque impliquant un mineur: s&rsquo;il vous prend la mauvaise id\u00e9e de mentir sur votre \u00e2ge ou d&rsquo;acc\u00e9der \u00e0 des sections interdites aux mineurs (voir plus haut), vous choisissez en toute connaissance de causes d&rsquo;en assumer les responsabilit\u00e9s.<br \/> De m\u00eame, vous n&rsquo;\u00eates pas autoris\u00e9 \u00e0 faire passer \u00e0 des mineurs les informations de ce site. Si vous ne respectez pas cette r\u00e8gle, vous pourrez \u00eatre banni d\u00e9finitivement.<\/p>\n<p> Les informations pr\u00e9sentes sur ce site sont \u00e0 but purement informatif. Aucunes des informations pr\u00e9sentes sur le site\/forum ne peut \u00eatre utilis\u00e9e pour fabriquer une arme ou quoi que ce soit de mani\u00e8re ill\u00e9gale.<\/p>\n<p> Nous vous rappelons \u00e9galement que vous \u00eates seul responsable de vos propres actes. Ni l&rsquo;\u00e9quipe Xtrem-Experiments (webmasters, administrateurs, mod\u00e9rateurs et r\u00e9dacteurs), ni les membres du site, ni l&rsquo;h\u00e9bergeur, ni personne ne pourront \u00eatre tenu responsable de l&rsquo;utilisation que vous faites des informations pr\u00e9sentes sur ce site. Portez une attention toute particuli\u00e8re \u00e0 votre s\u00e9curit\u00e9 et \u00e0 celle des gens qui vous entourent.<\/p>\n<p>\u00a0<\/p>\n<p><span style=\"text-decoration: underline;\"><em>Newsletter<\/em><\/span><\/p>\n<p>En vous inscrivant sur Xtrem-Experiments, vous \u00eates automatiquement inscrits \u00e0 la newsletter. Cependant il vous est tout \u00e0 fait possible de vous d\u00e9sinscrire d&rsquo;un simple clic sur le bouton \u00ab\u00a0Newsletter\u00a0\u00bb pr\u00e9sent sur dans la colonne de droite sur toutes les pages du site v3 (forum except\u00e9).<\/p>\n<p> <span style=\"text-decoration: underline;\"><em id=\"copyright\">Droits d&rsquo;auteur :<\/em><\/span><\/p>\n<p> Tout le contenu (texte, images et fichiers) h\u00e9berg\u00e9 sur (le serveur d&rsquo;)Xtrem-Experiments est soumis \u00e0 la l\u00e9gislation concernant les droits d&rsquo;auteur. Il vous est interdit de reprendre, copier, imiter ou reproduire tout ou une partie de ce contenu sans l&rsquo;autorisation de l&rsquo;administrateur du site.<br \/> En cas de non-respect du droit d&rsquo;auteur, vous risquez des poursuites judiciaires.<br \/> En publiant un texte sur Xtrem-Experiments.com (site entier, forums et articles) vous abandonnez vos droits d&rsquo;auteur vis \u00e0 vis de ce texte et vous en autorisez la modification.<br \/> Il est \u00e9galement interdit de publier un contenu quelconque sur Xtrem-Experiments si vous n&rsquo;en \u00eates pas l&rsquo;auteur et que vous n&rsquo;avez pas l&rsquo;autorisation de ce dernier.<\/p>\n<p> <span style=\"text-decoration: underline;\"><em>Forums et articles :<\/em><\/span><\/p>\n<p> Ce site concerne avant tout des loisirs, des r\u00e9alisations faites pour s&rsquo;amuser.<br \/> Les topics concernant la r\u00e9alisation d&rsquo;objets\/mat\u00e9riaux jug\u00e9s trop dangereux seront supprim\u00e9s.<br \/> Les photos\/vid\u00e9os contenant de tels objets\/mat\u00e9riaux sont tol\u00e9r\u00e9es, tant qu&rsquo;elles ne contiennent rien d&rsquo;explicite sur la fabrication.<\/p>\n<p> Vous vous devez de respecter tout le monde, ne pas d\u00e9passer les limites de la politesse donc pas d&rsquo;insultes, ni de racisme, ni de x\u00e9nophobie, ni de querelles inutiles&#8230; quelques en soient les causes.<\/p>\n<p> Tout message \u00e0 caract\u00e8re agressif ou diffamatoires, les insultes et critiques personnelles, les grossi\u00e8ret\u00e9s et vulgarit\u00e9s, toute pol\u00e9mique d\u00e9clench\u00e9e dans le seul but de nuire ou porter tord \u00e0 une personne et plus g\u00e9n\u00e9ralement tout message contrevenant aux lois fran\u00e7aises en vigueur sont interdits.<\/p>\n<p> La messagerie priv\u00e9e (MP) doit-\u00eatre utilis\u00e9e correctement. Tous abus ou harc\u00e8lement d&rsquo;un ou plusieurs membres se verra sanctionn\u00e9. Son utilisation n&rsquo;est permise que pour l&rsquo;\u00e9change entre les membres. Toute utilisation de la messagerie \u00e0 des fins promotionnelles ou publicitaires (spam) se verra imm\u00e9diatement sanctionn\u00e9e.<\/p>\n<p> Les liens publicitaires ne sont pas autoris\u00e9 (ni dans la signature, ni dans un message sur le forum, ni dans les articles) sauf si vous pr\u00e9sentez un site ou une astuce dans la section pr\u00e9vue \u00e0 cet effet ou que vous avez re\u00e7u l&rsquo;autorisation de l&rsquo;<a href=\"http:\/\/forum.xtrem-experiences.com\/membre\/Masterjoa3000\/\">administrateur.<\/a><\/p>\n<p> Les messages \u00e9voquant ou incitant \u00e0 des pratiques ill\u00e9gales sont interdits.<\/p>\n<p> Si vous diffusez des informations provenant d&rsquo;un autre site web, v\u00e9rifiez auparavant si le site en question ne vous l&rsquo;interdit pas. N&rsquo;oubliez pas de mentionnez l&rsquo;adresse du site en question.<\/p>\n<p> Merci de poster vos messages une seule fois. Les r\u00e9p\u00e9titions sont d\u00e9sagr\u00e9ables et inutiles !<\/p>\n<p> Merci de faire un effort sur la grammaire et l&rsquo;orthographe. Le langage SMS n&rsquo;est pas autoris\u00e9 !<\/p>\n<p> Tout propos visant \u00e0 troubler l&rsquo;ordre public d&rsquo;un forum, en r\u00e9action \u00e0 un acte de mod\u00e9ration, est strictement interdit. En revanche, vous \u00eates autoris\u00e9 \u00e0 contacter le mod\u00e9rateur par MP si vous ne comprenez pas pourquoi il a d\u00fb intervenir.<\/p>\n<p> Les mod\u00e9rateurs des forums et du site s&rsquo;efforceront de supprimer ou \u00e9diter tous les messages \u00e0 caract\u00e8re r\u00e9pr\u00e9hensible aussi rapidement que possible. Toutefois, il leur est impossible de passer en revue tous les messages. Vous admettez donc que tous les messages post\u00e9s sur ces forums et wiki expriment la vue et opinion de leurs auteurs respectifs, et non celles des mod\u00e9rateurs ou du webmestre (except\u00e9 des messages post\u00e9s par eux-m\u00eames) et par cons\u00e9quent qu&rsquo;ils ne peuvent pas \u00eatre tenus pour responsables des discussions.<\/p>\n<p> Avant de poster une demande d&rsquo;aide sur un forum, v\u00e9rifiez si vous ne trouvez pas la r\u00e9ponse \u00e0 votre question en utilisant la fonction <em>Rechercher<\/em>.<\/p>\n<p> <span style=\"text-decoration: underline;\">Sanctions:<\/span><\/p>\n<p> En cas de non-respect du r\u00e8glement le fautif sera sanctionn\u00e9 selon la structure suivante:<\/p>\n<p> -1er avertissement: Le fautif n&rsquo;est pas sanctionn\u00e9, un mod\u00e9rateur se charge de lui expliquer par message priv\u00e9 (MP) ce qui ne va pas dans son comportement.<\/p>\n<p> -2\u00e8me avertissement: Le fautif, ayant d\u00e9j\u00e0 \u00e9t\u00e9 pr\u00e9venu, est banni temporairement, pour une dur\u00e9e de 2 a 5 jours en fonction de la gravit\u00e9.<\/p>\n<p> -3\u00e8me avertissement: Le fautif est banni temporairement, pour une dur\u00e9e de 1 a 3 semaines en fonction de la gravit\u00e9<\/p>\n<p> -4\u00e8me avertissement: Le fautif est banni d\u00e9finitivement.<\/p>\n<p> L&rsquo;\u00e9quipe de mod\u00e9ration est libre de choisir la dur\u00e9e de bannissement dans les intervalles ci-dessus, selon la gravit\u00e9 de la faute commise.<br \/> Elle se r\u00e9serve aussi le droit de passer directement \u00e0 l&rsquo;\u00e9tape qu&rsquo;elle souhaite ou augmenter la dur\u00e9e de bannissement, dans le cas d&rsquo;infractions graves, comme les insultes ou des comportements trops dangereux ou des pratiques ill\u00e9gales.<\/p>\n<p> <span style=\"text-decoration: underline;\">Signature:<\/span><\/p>\n<p> Le contenu de votre signature ne doit pas g\u00eaner la lecture des sujets par sa taille ou son contenu.<br \/> Les signatures anim\u00e9es d\u00e9sagr\u00e9ables qui partent dans tous les sens ne sont pas autoris\u00e9es, mais un petit .gif sympa, pas de probl\u00e8me.<br \/> L&rsquo;\u00e9quipe de mod\u00e9ration se r\u00e9serve le droit de modifier votre signature si elle la consid\u00e8re comme g\u00eanante, en vous pr\u00e9venant.<\/p>\n<p> <span style=\"text-decoration: underline;\">D\u00e9terrage:<\/span><\/p>\n<p> Le d\u00e9terrage est le fait de poster un message dans un sujet qui n&rsquo;est plus actif depuis un certain temps.<\/p>\n<p> Deux cas peuvent se pr\u00e9senter:<\/p>\n<p> Inutile:<br \/> Vous avez remont\u00e9 un vieux sujet mort, simplement pour dire que vous trouvez \u00e7a bien par exemple.<br \/> \u00c7a ne sert strictement \u00e0 rien, et \u00e7a perturbe le forum.<br \/> \u00c7a peut arriver \u00e0 tout le monde, on laisse une chance aux nouveaux arrivants. Mais recommencez, et vous serez sanctionn\u00e9s.<\/p>\n<p> Utile:<br \/> Vous avez remont\u00e9 un vieux sujet mort, pour rajouter des informations qui pourraient \u00eatre utiles a d&rsquo;autres, poser des questions auxquelles vous n&rsquo;avez pu trouver r\u00e9ponse en cherchant, &#8230;<br \/> Ce genre de d\u00e9terrage est parfaitement autoris\u00e9 et vous n&rsquo;avez aucune sanction a craindre.<\/p>\n<p> Vous \u00eates autoris\u00e9s \u00e0 expliquer (gentiment, n&rsquo;exag\u00e9rez pas) \u00e0 une personne fautive ce qui ne va pas, en lui signalant qu&rsquo;il s&rsquo;agit d&rsquo;une infraction au r\u00e8glement.<\/p>\n<p> <span style=\"text-decoration: underline;\">Signaler un message:<\/span><\/p>\n<p> Si vous trouvez sur un forum un message qui ne respecte pas le r\u00e8glement ou que vous jugez est trop dangereux, vous pouvez le signaler en cliquant sur le bouton pr\u00e9vu \u00e0 cet effet sur chaque message.<br \/> Si cela se produit sur un article du site, contactez un mod\u00e9rateur.<\/p>\n<p> <span style=\"text-decoration: underline;\"><em>Rappel sur les patators :<\/em><\/span><\/p>\n<p> Vous avez le droit:<br \/> 1. De construire un patator.<br \/> 2. De tirer avec sur des objets qui vous appartiennent.<br \/> 3. De divulguer des plans partiel, d&rsquo;une partie du patator.<br \/> 4. De divulguer des photos, vid\u00e9os de votre patator.<\/p>\n<p> Vous n&rsquo;avez pas le droite, c&rsquo;est ill\u00e9gal:<br \/> 1. De divulguer des plans\/instructions complet(e)s de fabrication.<br \/> 2. De tirer sur des personnes.<br \/> 3. De tirer sur des animaux.<br \/> 4. De le pointer en direction d&rsquo;une personne ou d&rsquo;un animal.<br \/> En cas de non respect de ces conditions ou pour toute autre raison, nous nous r\u00e9servons le droit de supprimer votre compte ou de vous bannir d\u00e9finitivement du site.<\/p>\n<p> Nous nous r\u00e9servons le droit d&rsquo;effectuer des modifications de ces conditions \u00e0 n&rsquo;importe quel moment et sans pr\u00e9avis.<\/p>\n<p><\/p>","protected":false},"excerpt":{"rendered":"<p>Le site Xtrem-Experiments (site entier et forum) est un endroit o\u00f9 doit r\u00e9gner le s\u00e9rieux et la bonne entente. En vous inscrivant ici, vous acceptez de respecter scrupuleusement ce r\u00e8glement. En cas de non respect de celui-ci, des sanctions sont pr\u00e9vues de plusieurs mani\u00e8res, d\u00e9crites plus bas. Si vous n&rsquo;\u00eates pas d&rsquo;accord avec ce dernier, [&hellip;]<\/p>\n","protected":false},"author":1,"featured_media":0,"parent":0,"menu_order":0,"comment_status":"closed","ping_status":"closed","template":"","meta":{"_bbp_topic_count":0,"_bbp_reply_count":0,"_bbp_total_topic_count":0,"_bbp_total_reply_count":0,"_bbp_voice_count":0,"_bbp_anonymous_reply_count":0,"_bbp_topic_count_hidden":0,"_bbp_reply_count_hidden":0,"_bbp_forum_subforum_count":0},"_links":{"self":[{"href":"https:\/\/xtrem-experiments.com\/fr\/wp-json\/wp\/v2\/pages\/29932"}],"collection":[{"href":"https:\/\/xtrem-experiments.com\/fr\/wp-json\/wp\/v2\/pages"}],"about":[{"href":"https:\/\/xtrem-experiments.com\/fr\/wp-json\/wp\/v2\/types\/page"}],"author":[{"embeddable":true,"href":"https:\/\/xtrem-experiments.com\/fr\/wp-json\/wp\/v2\/users\/1"}],"replies":[{"embeddable":true,"href":"https:\/\/xtrem-experiments.com\/fr\/wp-json\/wp\/v2\/comments?post=29932"}],"version-history":[{"count":1,"href":"https:\/\/xtrem-experiments.com\/fr\/wp-json\/wp\/v2\/pages\/29932\/revisions"}],"predecessor-version":[{"id":29933,"href":"https:\/\/xtrem-experiments.com\/fr\/wp-json\/wp\/v2\/pages\/29932\/revisions\/29933"}],"wp:attachment":[{"href":"https:\/\/xtrem-experiments.com\/fr\/wp-json\/wp\/v2\/media?parent=29932"}],"curies":[{"name":"wp","href":"https:\/\/api.w.org\/{rel}","templated":true}]}}