{"id":29936,"date":"2016-09-02T17:02:48","date_gmt":"2016-09-02T17:02:48","guid":{"rendered":"https:\/\/xtrem-experiments.com\/?page_id=29936"},"modified":"2016-09-02T17:02:48","modified_gmt":"2016-09-02T17:02:48","slug":"welcome","status":"publish","type":"page","link":"https:\/\/xtrem-experiments.com\/fr\/bienvenue\/","title":{"rendered":"Bienvenue !"},"content":{"rendered":"<p><\/p>\n<p><img loading=\"lazy\" style=\"float: left;\" src=\"http:\/\/www.xtrem-experiences.com\/images\/logo-250.jpg\" alt=\"X-E\" width=\"120\" height=\"112\" border=\"0\" \/> Bienvenue sur Xtrem-Experiments !<\/p>\n<p>Si vous \u00e9tiez inscrit sur l&rsquo;ancienne version du site, vous pouvez toujours vous connecter avec votre pseudo. Sinon, vous pouvez vous <a href=\"http:\/\/forum.xtrem-experiments.com\/ucp.php?mode=register\">inscrire<\/a>. Vous pourrez ensuite vous connecter \u00e0 toutes les parties du site avec vos identifiants.<\/p>\n<p>\u00a0<\/p>\n<p>Xtrem-Experiments, c&rsquo;est quoi ?<\/p>\n<p>&#8211;&gt; C&rsquo;est un site sur lequel, vous retrouverez pleins d&rsquo;articles qui pr\u00e9sentent des choses amusantes \u00e0 r\u00e9aliser: pyro, patators, farces et attrapes, \u00e9lectro, sarbacanes, magie, lasers, tasers, informatique, et bien plus&#8230;<\/p>\n<p>Utilisez le menu principal (en haut) pour naviguer dans les diff\u00e9rentes cat\u00e9gories.<\/p>\n<p><a href=\"http:\/\/forum.xtrem-experiments.com\"><span style=\"font-size: large;\">Le forum est ici<\/span><\/a> \ud83d\ude09<\/p>\n<p>N&rsquo;h\u00e9sitez pas \u00e0 vous inscrire pour laisser vos commentaires, discuter sur le forum, ajouter vos propres articles et acc\u00e9der \u00e0 du contenu exclusif !<\/p>\n<p>Vous pouvez \u00e9galement suivre l&rsquo;actualit\u00e9 du site sur <a title=\"Page Xtrem-Exp\u00e9rience sur Facebook\" href=\"http:\/\/www.facebook.com\/XtremExperiencesCom\">Facebook<\/a> ainsi que sur {noembedvideo}<a title=\"Groupe Xtrem-Experiences sur dailymotion\" href=\"http:\/\/www.dailymotion.com\/group\/Xtrem-Experiences\">Dailymotion<\/a> et <a title=\"Chaine youtube de Masterjoa3000\" href=\"http:\/\/www.youtube.com\/user\/Masterjoa3000\">Youtube<\/a> (liens dans la colonne de droite).<\/p>\n<p><\/p>","protected":false},"excerpt":{"rendered":"<p>Bienvenue sur Xtrem-Experiments ! Si vous \u00e9tiez inscrit sur l&rsquo;ancienne version du site, vous pouvez toujours vous connecter avec votre pseudo. Sinon, vous pouvez vous inscrire. Vous pourrez ensuite vous connecter \u00e0 toutes les parties du site avec vos identifiants. \u00a0 Xtrem-Experiments, c&rsquo;est quoi ? &#8211;&gt; C&rsquo;est un site sur lequel, vous retrouverez pleins d&rsquo;articles [&hellip;]<\/p>\n","protected":false},"author":1,"featured_media":0,"parent":0,"menu_order":0,"comment_status":"closed","ping_status":"closed","template":"","meta":{"_bbp_topic_count":0,"_bbp_reply_count":0,"_bbp_total_topic_count":0,"_bbp_total_reply_count":0,"_bbp_voice_count":0,"_bbp_anonymous_reply_count":0,"_bbp_topic_count_hidden":0,"_bbp_reply_count_hidden":0,"_bbp_forum_subforum_count":0},"_links":{"self":[{"href":"https:\/\/xtrem-experiments.com\/fr\/wp-json\/wp\/v2\/pages\/29936"}],"collection":[{"href":"https:\/\/xtrem-experiments.com\/fr\/wp-json\/wp\/v2\/pages"}],"about":[{"href":"https:\/\/xtrem-experiments.com\/fr\/wp-json\/wp\/v2\/types\/page"}],"author":[{"embeddable":true,"href":"https:\/\/xtrem-experiments.com\/fr\/wp-json\/wp\/v2\/users\/1"}],"replies":[{"embeddable":true,"href":"https:\/\/xtrem-experiments.com\/fr\/wp-json\/wp\/v2\/comments?post=29936"}],"version-history":[{"count":1,"href":"https:\/\/xtrem-experiments.com\/fr\/wp-json\/wp\/v2\/pages\/29936\/revisions"}],"predecessor-version":[{"id":29937,"href":"https:\/\/xtrem-experiments.com\/fr\/wp-json\/wp\/v2\/pages\/29936\/revisions\/29937"}],"wp:attachment":[{"href":"https:\/\/xtrem-experiments.com\/fr\/wp-json\/wp\/v2\/media?parent=29936"}],"curies":[{"name":"wp","href":"https:\/\/api.w.org\/{rel}","templated":true}]}}